{"id":41,"date":"2023-02-02T14:11:22","date_gmt":"2023-02-02T13:11:22","guid":{"rendered":"https:\/\/www.prevodimo.rs\/?page_id=41"},"modified":"2023-02-06T12:15:53","modified_gmt":"2023-02-06T11:15:53","slug":"sebastian-adanko","status":"publish","type":"page","link":"http:\/\/www.prevodimo.rs\/en\/sebastian-adanko\/","title":{"rendered":"Sebastian Adanko"},"content":{"rendered":"<div class=\"wp-block-columns alignwide is-layout-flex wp-container-core-columns-is-layout-8a811f69 wp-block-columns-is-layout-flex\" style=\"margin-top:0;margin-bottom:0;padding-top:0;padding-right:0;padding-bottom:0;padding-left:0\">\n<div class=\"wp-block-column is-layout-flow wp-block-column-is-layout-flow\">\n<figure class=\"wp-block-image aligncenter size-full\"><img loading=\"lazy\" decoding=\"async\" width=\"427\" height=\"388\" src=\"https:\/\/www.prevodimo.rs\/wp-content\/uploads\/2023\/02\/SA-UsmenoA.jpg\" alt=\"Fotografija prevodioca tokom konsekutivnog tuma\u010denja.\" class=\"wp-image-43\" srcset=\"https:\/\/www.prevodimo.rs\/wp-content\/uploads\/2023\/02\/SA-UsmenoA.jpg 427w, https:\/\/www.prevodimo.rs\/wp-content\/uploads\/2023\/02\/SA-UsmenoA-300x273.jpg 300w, https:\/\/www.prevodimo.rs\/wp-content\/uploads\/2023\/02\/SA-UsmenoA-13x12.jpg 13w\" sizes=\"auto, (max-width: 427px) 100vw, 427px\" \/><\/figure>\n<\/div>\n\n\n\n<div class=\"wp-block-column is-vertically-aligned-center is-layout-flow wp-block-column-is-layout-flow\">\n<p>With an interest and talent for natural and artificial languages, I have been working for decades as a <strong>translator, interpreter, copywriter and editor<\/strong> for a number of companies, organisations, print and online media and magazines, primarily oriented towards <strong>ICT, physical and technical sciences, legislation and public administration, European integration and international projects<\/strong>, and in the IT industry on a broad range of platforms and operating sytems, oriented towards internet and intranet solutions developed using open source tools.<\/p>\n\n\n\n<p>Following an initial career in the IT sector I have refocused on the field of translation for the English language, due to a demand for experts with a specific package of know-how and skills (familiarity and understanding of IT\/technical topics and familiarity with language, professional terminology and translation\/interpretation technique). <\/p>\n\n\n\n<p>I have graduated in the fields of Communications and Journalism from the Faculty of Media and Communications. I hold a certificate from the semestral course for professional and scientific translators of the Association of Professional and Scientific Translators of Serbia. Along with Serbian as my native tongue and English as my main working language, I speak Hungarian (passive native) and Spanish (C1), along with  a basic familiarity with Swedish and French.<\/p>\n<\/div>\n<\/div>","protected":false},"excerpt":{"rendered":"<p>Sa interesovanjem i darom za prirodne i ve\u0161ta\u010dke jezike, vi\u0161e decenija radim kao prevodilac, tuma\u010d, kopirajter i urednik u nizu kompanija, organizacija, \u0161tampanih i internet glasila i \u010dasopisa, prvenstveno orijentisan na informacione i komunikacione tehnologije, prirodne i tehni\u010dke nauke, zakonodavstvo i javnu upravu, evropske integracije i me\u0111unarodne projekte, kao i u IT industriji na \u0161irokom [&hellip;]<\/p>\n","protected":false},"author":2,"featured_media":43,"parent":0,"menu_order":0,"comment_status":"closed","ping_status":"closed","template":"","meta":{"footnotes":""},"class_list":["post-41","page","type-page","status-publish","has-post-thumbnail","hentry"],"_links":{"self":[{"href":"http:\/\/www.prevodimo.rs\/en\/wp-json\/wp\/v2\/pages\/41","targetHints":{"allow":["GET"]}}],"collection":[{"href":"http:\/\/www.prevodimo.rs\/en\/wp-json\/wp\/v2\/pages"}],"about":[{"href":"http:\/\/www.prevodimo.rs\/en\/wp-json\/wp\/v2\/types\/page"}],"author":[{"embeddable":true,"href":"http:\/\/www.prevodimo.rs\/en\/wp-json\/wp\/v2\/users\/2"}],"replies":[{"embeddable":true,"href":"http:\/\/www.prevodimo.rs\/en\/wp-json\/wp\/v2\/comments?post=41"}],"version-history":[{"count":8,"href":"http:\/\/www.prevodimo.rs\/en\/wp-json\/wp\/v2\/pages\/41\/revisions"}],"predecessor-version":[{"id":65,"href":"http:\/\/www.prevodimo.rs\/en\/wp-json\/wp\/v2\/pages\/41\/revisions\/65"}],"wp:featuredmedia":[{"embeddable":true,"href":"http:\/\/www.prevodimo.rs\/en\/wp-json\/wp\/v2\/media\/43"}],"wp:attachment":[{"href":"http:\/\/www.prevodimo.rs\/en\/wp-json\/wp\/v2\/media?parent=41"}],"curies":[{"name":"wp","href":"https:\/\/api.w.org\/{rel}","templated":true}]}}